{"id":1690,"date":"2022-09-24T02:23:57","date_gmt":"2022-09-23T23:23:57","guid":{"rendered":"https:\/\/iqplastics.com\/ru\/?post_type=product&#038;p=1690"},"modified":"2022-09-24T02:23:59","modified_gmt":"2022-09-23T23:23:59","slug":"%d0%b2%d1%80%d0%b5%d0%bc%d0%b5%d0%bd%d0%bd%d0%be%d0%b5-%d0%bf%d0%be%d0%ba%d1%80%d1%8b%d1%82%d0%b8%d0%b5","status":"publish","type":"product","link":"https:\/\/iqplastics.com\/ru\/product\/%d0%b2%d1%80%d0%b5%d0%bc%d0%b5%d0%bd%d0%bd%d0%be%d0%b5-%d0%bf%d0%be%d0%ba%d1%80%d1%8b%d1%82%d0%b8%d0%b5\/","title":{"rendered":"\u0412\u0440\u0435\u043c\u0435\u043d\u043d\u043e\u0435 \u043f\u043e\u043a\u0440\u044b\u0442\u0438\u0435"},"content":{"rendered":"<div class=\"e_box d_DescriptionBigbox p_DescriptionBigbox borderT_default\" data-ename=\"\u9875\u7b7e\u5185\u5bb9\u533a\">\n<p><strong>\u0412\u0440\u0435\u043c\u0435\u043d\u043d\u044b\u0435 \u0434\u043e\u0440\u043e\u0436\u043d\u044b\u0435 \u043a\u043e\u0432\u0440\u0438\u043a\u0438<\/strong><\/p>\n<p>\u041c\u0430\u0442\u0435\u0440\u0438\u0430\u043b: Virgin HDPE (\u043f\u043e\u043b\u0438\u044d\u0442\u0438\u043b\u0435\u043d \u0432\u044b\u0441\u043e\u043a\u043e\u0439 \u043f\u043b\u043e\u0442\u043d\u043e\u0441\u0442\u0438)<\/p>\n<table border=\"1\" width=\"100%\" cellspacing=\"0\" cellpadding=\"0\">\n<tbody>\n<tr>\n<td><strong>\u041f\u0440\u0435\u0434\u043c\u0435\u0442 \u043d\u043e\u043c\u0435\u0440.<\/strong><\/td>\n<td><strong>\u0420\u0430\u0437\u043c\u0435\u0440 \/ MM<\/strong><\/td>\n<td><strong>\u0422\u043e\u043b\u0449\u0438\u043d\u0430 \u0441 \u0442\u0435\u043a\u0441\u0442\u0443\u0440\u043e\u0439 \/ \u043c\u043c<\/strong><\/td>\n<td><strong>\u0412\u0435\u0441 \/ \u043a\u0433<\/strong><\/td>\n<td><strong>\u0413\u0440\u0443\u0437\u043e\u043f\u043e\u0434\u044a\u0435\u043c\u043d\u043e\u0441\u0442\u044c \/ \u0422\u043e\u043d\u043d\u044b<\/strong><\/td>\n<\/tr>\n<tr>\n<td>QYE01<\/td>\n<td>2440\u00d71220\u00d712.7<\/td>\n<td>22.7<\/td>\n<td>40<\/td>\n<td>40<\/td>\n<\/tr>\n<tr>\n<td>QYE02<\/td>\n<td>2400\u00d71200\u00d712.7<\/td>\n<td>22.7<\/td>\n<td>42.00<\/td>\n<td>40<\/td>\n<\/tr>\n<tr>\n<td>QYE03<\/td>\n<td>2000\u00d71000\u00d710<\/td>\n<td>20<\/td>\n<td>22.60<\/td>\n<td>40<\/td>\n<\/tr>\n<tr>\n<td>QYE04<\/td>\n<td>3000\u00d71500\u00d720<\/td>\n<td>30<\/td>\n<td>96.50<\/td>\n<td>80<\/td>\n<\/tr>\n<\/tbody>\n<\/table>\n<p>\u0420\u0435\u043a\u043e\u043c\u0435\u043d\u0434\u0443\u0435\u043c\u0430\u044f \u0442\u043e\u043b\u0449\u0438\u043d\u0430: 10 \u043c\u043c, 12,7 \u043c\u043c, 15 \u043c\u043c, 18 \u043c\u043c, 20 \u043c\u043c<\/p>\n<p>\u0411\u0443\u0442\u0441\u044b: 5\u043c\u043c<br \/>\n\u0414\u043e\u0440\u043e\u0436\u043d\u044b\u0435 \u043c\u0430\u0442\u044b IQ plastics &#8212; \u044d\u0442\u043e \u0441\u0432\u0435\u0440\u0445\u043c\u043e\u0449\u043d\u044b\u0435 \u0434\u043e\u0440\u043e\u0436\u043d\u044b\u0435 \u043c\u0430\u0442\u044b, \u043e\u0431\u0435\u0441\u043f\u0435\u0447\u0438\u0432\u0430\u044e\u0449\u0438\u0435 \u0432\u0440\u0435\u043c\u0435\u043d\u043d\u044b\u0435 \u043f\u0440\u043e\u0435\u0437\u0434\u044b \u0438 \u0440\u0430\u0431\u043e\u0447\u0438\u0435 \u0437\u043e\u043d\u044b \u0434\u043b\u044f \u0442\u044f\u0436\u0435\u043b\u043e\u0433\u043e \u043e\u0431\u043e\u0440\u0443\u0434\u043e\u0432\u0430\u043d\u0438\u044f, \u043c\u0430\u0448\u0438\u043d \u0438 \u043d\u0435\u0441\u043a\u043e\u043b\u044c\u043a\u0438\u0445 \u0442\u0440\u0430\u043d\u0441\u043f\u043e\u0440\u0442\u043d\u044b\u0445 \u0441\u0440\u0435\u0434\u0441\u0442\u0432.<\/p>\n<p>\u041f\u0440\u043e\u0441\u0442\u044b\u0435 \u0432 \u0443\u0441\u0442\u0430\u043d\u043e\u0432\u043a\u0435 \u043a\u043e\u0432\u0440\u0438\u043a\u0438 \u0438\u0434\u0435\u0430\u043b\u044c\u043d\u043e \u043f\u043e\u0434\u0445\u043e\u0434\u044f\u0442 \u0434\u043b\u044f \u0441\u0442\u0440\u043e\u0438\u0442\u0435\u043b\u044c\u0441\u0442\u0432\u0430, \u0433\u0440\u0430\u0436\u0434\u0430\u043d\u0441\u043a\u043e\u0433\u043e \u0441\u0442\u0440\u043e\u0438\u0442\u0435\u043b\u044c\u0441\u0442\u0432\u0430 \u0438 \u043e\u0431\u0441\u043b\u0443\u0436\u0438\u0432\u0430\u043d\u0438\u044f \u0438\u043d\u0444\u0440\u0430\u0441\u0442\u0440\u0443\u043a\u0442\u0443\u0440\u044b, \u0443\u043b\u0443\u0447\u0448\u0430\u044e\u0442 \u0434\u043e\u0441\u0442\u0443\u043f \u043d\u0430 \u043f\u043b\u043e\u0449\u0430\u0434\u043a\u0443, \u043f\u0440\u0435\u0434\u043e\u0442\u0432\u0440\u0430\u0449\u0430\u044e\u0442 \u0437\u0430\u0441\u0442\u0440\u0435\u0432\u0430\u043d\u0438\u0435 \u0442\u0440\u0430\u043d\u0441\u043f\u043e\u0440\u0442\u043d\u044b\u0445 \u0441\u0440\u0435\u0434\u0441\u0442\u0432 \u0438 \u043f\u043e\u043c\u043e\u0433\u0430\u044e\u0442 \u0438\u0437\u0431\u0435\u0436\u0430\u0442\u044c \u043f\u0440\u043e\u0431\u043b\u0435\u043c \u0441\u043e \u0437\u0434\u043e\u0440\u043e\u0432\u044c\u0435\u043c \u0438 \u0431\u0435\u0437\u043e\u043f\u0430\u0441\u043d\u043e\u0441\u0442\u044c\u044e.<\/p>\n<p><strong>\u041e\u0441\u043d\u043e\u0432\u043d\u044b\u0435 \u043f\u0440\u0435\u0438\u043c\u0443\u0449\u0435\u0441\u0442\u0432\u0430:<\/strong><br \/>\n\u25c7 \u0423\u043d\u0438\u043a\u0430\u043b\u044c\u043d\u0430\u044f \u043f\u043e\u0432\u0435\u0440\u0445\u043d\u043e\u0441\u0442\u044c \u0441\u043e\u043f\u0440\u043e\u0442\u0438\u0432\u043b\u0435\u043d\u0438\u044f \u0441\u043a\u043e\u043b\u044c\u0436\u0435\u043d\u0438\u044e<br \/>\n\u25c7 \u0416\u0435\u0441\u0442\u043a\u0438\u0435, \u0434\u043e\u043b\u0433\u043e\u0432\u0435\u0447\u043d\u044b\u0435 \u0440\u0430\u0431\u043e\u0447\u0438\u0435 \u0437\u043e\u043d\u044b \u0438 \u0432\u0440\u0435\u043c\u0435\u043d\u043d\u044b\u0435 \u0434\u043e\u0440\u043e\u0433\u0438 \u0434\u043b\u044f \u0442\u044f\u0436\u0435\u043b\u043e\u0439 \u0442\u0435\u0445\u043d\u0438\u043a\u0438 \u0438 \u043d\u0435\u0441\u043a\u043e\u043b\u044c\u043a\u0438\u0445 \u0442\u0440\u0430\u043d\u0441\u043f\u043e\u0440\u0442\u043d\u044b\u0445 \u0441\u0440\u0435\u0434\u0441\u0442\u0432.<br \/>\n\u25c7 \u0417\u0430\u0449\u0438\u0449\u0430\u0435\u0442 \u043e\u0442 \u0441\u0438\u043b\u044c\u043d\u043e\u0433\u043e \u0433\u043e\u043d\u0430 \u0438 \u044d\u043a\u043e\u043b\u043e\u0433\u0438\u0447\u0435\u0441\u043a\u043e\u0433\u043e \u043f\u043e\u0432\u0440\u0435\u0436\u0434\u0435\u043d\u0438\u044f \u0437\u0435\u043c\u043b\u0438 \u0438 \u0447\u0443\u0432\u0441\u0442\u0432\u0438\u0442\u0435\u043b\u044c\u043d\u044b\u0445 \u0443\u0447\u0430\u0441\u0442\u043a\u043e\u0432.<br \/>\n\u25c7 \u0412\u0430\u0440\u0438\u0430\u043d\u0442\u044b \u043f\u043e\u0434\u043a\u043b\u044e\u0447\u0435\u043d\u0438\u044f \u0434\u043b\u044f \u0440\u0430\u0437\u043b\u0438\u0447\u043d\u043e\u0439 \u043c\u0435\u0441\u0442\u043d\u043e\u0441\u0442\u0438 \u0438 \u043e\u0431\u043e\u0440\u0443\u0434\u043e\u0432\u0430\u043d\u0438\u044f<br \/>\n\u25c7 \u041d\u0435\u043f\u0440\u043e\u0432\u043e\u0434\u044f\u0449\u0438\u0439-\u0438\u0434\u0435\u0430\u043b \u0434\u043b\u044f \u0438\u0441\u043f\u043e\u043b\u044c\u0437\u043e\u0432\u0430\u043d\u0438\u044f \u0432 \u043f\u0440\u043e\u0435\u043a\u0442\u0430\u0445 \u043f\u0435\u0440\u0435\u0434\u0430\u0447\u0438<br \/>\n\u25c7 \u0411\u043e\u043b\u0435\u0435 \u043d\u0438\u0437\u043a\u0430\u044f \u0441\u0442\u043e\u0438\u043c\u043e\u0441\u0442\u044c \u0442\u0440\u0430\u043d\u0441\u043f\u043e\u0440\u0442\u043d\u043e\u0439 \u0435\u0434\u0438\u043d\u0438\u0446\u044b, \u0447\u0435\u043c \u0443 \u0434\u0440\u0443\u0433\u0438\u0445 \u043a\u043e\u043c\u043f\u043e\u0437\u0438\u0442\u043d\u044b\u0445 \u043c\u0430\u0442\u043e\u0432<\/p>\n<\/div>\n","protected":false},"excerpt":{"rendered":"<p>\u0412\u0440\u0435\u043c\u0435\u043d\u043d\u044b\u0435 \u0434\u043e\u0440\u043e\u0436\u043d\u044b\u0435 \u043a\u043e\u0432\u0440\u0438\u043a\u0438 \u041c\u0430\u0442\u0435\u0440\u0438\u0430\u043b: Virgin HDPE (\u043f\u043e\u043b\u0438\u044d\u0442\u0438\u043b\u0435\u043d \u0432\u044b\u0441\u043e\u043a\u043e\u0439 \u043f\u043b\u043e\u0442\u043d\u043e\u0441\u0442\u0438) \u041f\u0440\u0435\u0434\u043c\u0435\u0442 \u043d\u043e\u043c\u0435\u0440. \u0420\u0430\u0437\u043c\u0435\u0440 \/ MM \u0422\u043e\u043b\u0449\u0438\u043d\u0430 \u0441 \u0442\u0435\u043a\u0441\u0442\u0443\u0440\u043e\u0439 \/ \u043c\u043c \u0412\u0435\u0441 \/ \u043a\u0433 \u0413\u0440\u0443\u0437\u043e\u043f\u043e\u0434\u044a\u0435\u043c\u043d\u043e\u0441\u0442\u044c \/ \u0422\u043e\u043d\u043d\u044b QYE01 2440\u00d71220\u00d712.7 22.7 40 40 QYE02 2400\u00d71200\u00d712.7 22.7 42.00 40 QYE03 2000\u00d71000\u00d710 20 22.60 40 QYE04 3000\u00d71500\u00d720 30 96.50 80 \u0420\u0435\u043a\u043e\u043c\u0435\u043d\u0434\u0443\u0435\u043c\u0430\u044f \u0442\u043e\u043b\u0449\u0438\u043d\u0430: 10 \u043c\u043c, 12,7 \u043c\u043c, 15 \u043c\u043c, 18 \u043c\u043c, [&hellip;]<\/p>\n","protected":false},"featured_media":466,"comment_status":"closed","ping_status":"closed","template":"","meta":[],"product_cat":[62,63],"product_tag":[],"class_list":["post-1690","product","type-product","status-publish","has-post-thumbnail","hentry","product_cat-temporary-road-mats","product_cat-quick-event-mat"],"_links":{"self":[{"href":"https:\/\/iqplastics.com\/ru\/wp-json\/wp\/v2\/product\/1690","targetHints":{"allow":["GET"]}}],"collection":[{"href":"https:\/\/iqplastics.com\/ru\/wp-json\/wp\/v2\/product"}],"about":[{"href":"https:\/\/iqplastics.com\/ru\/wp-json\/wp\/v2\/types\/product"}],"replies":[{"embeddable":true,"href":"https:\/\/iqplastics.com\/ru\/wp-json\/wp\/v2\/comments?post=1690"}],"wp:featuredmedia":[{"embeddable":true,"href":"https:\/\/iqplastics.com\/ru\/wp-json\/wp\/v2\/media\/466"}],"wp:attachment":[{"href":"https:\/\/iqplastics.com\/ru\/wp-json\/wp\/v2\/media?parent=1690"}],"wp:term":[{"taxonomy":"product_cat","embeddable":true,"href":"https:\/\/iqplastics.com\/ru\/wp-json\/wp\/v2\/product_cat?post=1690"},{"taxonomy":"product_tag","embeddable":true,"href":"https:\/\/iqplastics.com\/ru\/wp-json\/wp\/v2\/product_tag?post=1690"}],"curies":[{"name":"wp","href":"https:\/\/api.w.org\/{rel}","templated":true}]}}